{"id":63,"date":"2023-01-21T19:12:21","date_gmt":"2023-01-21T17:12:21","guid":{"rendered":"https:\/\/hochzeit.andyrockt.com\/?page_id=63"},"modified":"2023-02-04T17:00:37","modified_gmt":"2023-02-04T15:00:37","slug":"weitere-infos","status":"publish","type":"page","link":"https:\/\/hochzeit.andyrockt.com\/index.php\/weitere-infos\/","title":{"rendered":"Weitere Infos"},"content":{"rendered":"\n<p class=\"has-text-align-center\">Hier werden weitere Infos f\u00fcr den Anlass zur Verf\u00fcgung gestellt.<\/p>\n\n\n\n<h2 class=\"wp-block-heading\">Hotels in der N\u00e4he<\/h2>\n\n\n\n<div class=\"wp-block-columns is-layout-flex wp-container-core-columns-is-layout-9d6595d7 wp-block-columns-is-layout-flex\">\n<div class=\"wp-block-column is-layout-flow wp-block-column-is-layout-flow\">\n<p><strong>Rossini <\/strong>(ehemals Hirschen)<br>Weinfelderstrasse 80<br>8580 Amriswil<br>071 410 04 04<br>(Fahrzeit ca. 4 Min.)<\/p>\n<\/div>\n\n\n\n<div class=\"wp-block-column is-layout-flow wp-block-column-is-layout-flow\">\n<p><strong>Gasthaus zum Hecht<\/strong><br>Hauptstrasse 3<br>8581 Schocherswil<br>071 411 11 84<br>(Fahrzeit ca. 5 Min.)<\/p>\n<\/div>\n\n\n\n<div class=\"wp-block-column is-layout-flow wp-block-column-is-layout-flow\">\n<p><strong>G\u00e4stehaus am Sonnenfeld<\/strong><br>Eichholzstrasse 1<br>8580 Sommeri<br>071 411 82 32<br>(Fahrzeit ca. 8 Min.)<\/p>\n<\/div>\n<\/div>\n\n\n\n<div class=\"wp-block-columns is-layout-flex wp-container-core-columns-is-layout-9d6595d7 wp-block-columns-is-layout-flex\">\n<div class=\"wp-block-column is-layout-flow wp-block-column-is-layout-flow\" style=\"flex-basis:33.33%\">\n<p><strong>Landgasthof L\u00f6wen<\/strong><br>Hauptstrasse 27<br>8583 Sulgen<br>071 644 80 40<br>(Fahrzeit ca. 15 Min.)<\/p>\n<\/div>\n\n\n\n<div class=\"wp-block-column is-layout-flow wp-block-column-is-layout-flow\" style=\"flex-basis:33.33%\">\n<p><strong>Landgasthof Seelust<\/strong><br>Wiedehorn 10<br>9322 Egnach<br>071 474 75 75<br>(Fahrzeit ca. 10 Min.)<\/p>\n<\/div>\n\n\n\n<div class=\"wp-block-column is-layout-flow wp-block-column-is-layout-flow\" style=\"flex-basis:33.33%\">\n<p><strong>Hotel &amp; Restaurant Seegarten<\/strong><br>Seestrasse 66<br>9320 Arbon<br>071 447 57 57<br>(Fahrzeit ca. 13 Min.)<\/p>\n<\/div>\n<\/div>\n\n\n\n<div class=\"wp-block-columns is-layout-flex wp-container-core-columns-is-layout-9d6595d7 wp-block-columns-is-layout-flex\">\n<div class=\"wp-block-column is-layout-flow wp-block-column-is-layout-flow\">\n<p><strong>Towerhotel<\/strong><br>Hauptwilerstrasse 17<br>9205 Waldkirch<br>079 634 31 88<br>(Fahrzeit ca. 15 Min.)<\/p>\n<\/div>\n\n\n\n<div class=\"wp-block-column is-layout-flow wp-block-column-is-layout-flow\"><\/div>\n\n\n\n<div class=\"wp-block-column is-layout-flow wp-block-column-is-layout-flow\"><\/div>\n<\/div>\n\n\n\n<h2 class=\"wp-block-heading\">Taxis<\/h2>\n\n\n\n<p><strong>Stadt Taxi<\/strong><br>Poststrasse 9<br>8580 Amriswil<br>0844 411 411<br>www.stadt-taxi.ch<\/p>\n","protected":false},"excerpt":{"rendered":"<p>Hier werden weitere Infos f\u00fcr den Anlass zur Verf\u00fcgung gestellt. Hotels in der N\u00e4he Rossini (ehemals Hirschen)Weinfelderstrasse 808580 Amriswil071 410 &hellip; <a href=\"https:\/\/hochzeit.andyrockt.com\/index.php\/weitere-infos\/\" class=\"more-link\"><span class=\"more-button\">Weiterlesen<span class=\"screen-reader-text\">Weitere Infos<\/span><\/span><\/a><\/p>\n","protected":false},"author":1,"featured_media":0,"parent":0,"menu_order":0,"comment_status":"closed","ping_status":"closed","template":"","meta":{"footnotes":""},"class_list":["post-63","page","type-page","status-publish","hentry"],"_links":{"self":[{"href":"https:\/\/hochzeit.andyrockt.com\/index.php\/wp-json\/wp\/v2\/pages\/63","targetHints":{"allow":["GET"]}}],"collection":[{"href":"https:\/\/hochzeit.andyrockt.com\/index.php\/wp-json\/wp\/v2\/pages"}],"about":[{"href":"https:\/\/hochzeit.andyrockt.com\/index.php\/wp-json\/wp\/v2\/types\/page"}],"author":[{"embeddable":true,"href":"https:\/\/hochzeit.andyrockt.com\/index.php\/wp-json\/wp\/v2\/users\/1"}],"replies":[{"embeddable":true,"href":"https:\/\/hochzeit.andyrockt.com\/index.php\/wp-json\/wp\/v2\/comments?post=63"}],"version-history":[{"count":4,"href":"https:\/\/hochzeit.andyrockt.com\/index.php\/wp-json\/wp\/v2\/pages\/63\/revisions"}],"predecessor-version":[{"id":76,"href":"https:\/\/hochzeit.andyrockt.com\/index.php\/wp-json\/wp\/v2\/pages\/63\/revisions\/76"}],"wp:attachment":[{"href":"https:\/\/hochzeit.andyrockt.com\/index.php\/wp-json\/wp\/v2\/media?parent=63"}],"curies":[{"name":"wp","href":"https:\/\/api.w.org\/{rel}","templated":true}]}}